{"id":11277,"date":"2023-09-07T16:35:07","date_gmt":"2023-09-07T16:35:07","guid":{"rendered":"https:\/\/biofisa.com\/biomaterial-copy\/"},"modified":"2023-10-12T08:34:08","modified_gmt":"2023-10-12T08:34:08","slug":"equipments","status":"publish","type":"page","link":"https:\/\/biofisa.com\/pt\/equipments\/","title":{"rendered":"Equipamentos"},"content":{"rendered":"<div data-elementor-type=\"wp-page\" data-elementor-id=\"11277\" class=\"elementor elementor-11277\" data-elementor-post-type=\"page\">\n\t\t\t\t\t\t<section class=\"elementor-section elementor-top-section elementor-element elementor-element-16231c7 elementor-section-boxed elementor-section-height-default elementor-section-height-default\" data-id=\"16231c7\" data-element_type=\"section\">\r\n\t\t\t\t\t\t<div class=\"elementor-container elementor-column-gap-no jws_section_\" >\r\n\t\t\t\t<div class=\"elementor-column elementor-col-100 elementor-top-column elementor-element elementor-element-006d98f\" data-id=\"006d98f\" data-element_type=\"column\">\n\t\t\t<div class=\"elementor-widget-wrap elementor-element-populated\">\n\t\t\t\t\t\t<section class=\"elementor-section elementor-inner-section elementor-element elementor-element-6f891b9 elementor-section-full_width elementor-section-height-default elementor-section-height-default\" data-id=\"6f891b9\" data-element_type=\"section\">\r\n\t\t\t\t\t\t<div class=\"elementor-container elementor-column-gap-default jws_section_\" >\r\n\t\t\t\t<div class=\"elementor-column elementor-col-50 elementor-inner-column elementor-element elementor-element-2c24643\" data-id=\"2c24643\" data-element_type=\"column\">\n\t\t\t<div class=\"elementor-widget-wrap elementor-element-populated\">\n\t\t\t\t\t\t<div class=\"elementor-element elementor-element-4d62c4b elementor-widget__width-initial elementor-invisible elementor-widget elementor-widget-jws_widget_heading\" data-id=\"4d62c4b\" data-element_type=\"widget\" data-settings=\"{&quot;_animation&quot;:&quot;fadeInDown&quot;}\" data-widget_type=\"jws_widget_heading.default\">\n\t\t\t\t<div class=\"elementor-widget-container\">\n\t\t\t\t\t<div class=\"title-wrapper\"><h2 class=\"title\">Equipamentos<\/h2><p class=\"des\">O equipamento dent\u00e1rio engloba uma vasta gama de ferramentas, instrumentos, m\u00e1quinas e dispositivos especializados utilizados em medicina dent\u00e1ria para diagnosticar, tratar e manter a sa\u00fade oral. <\/p><\/div>\t\t\t\t<\/div>\n\t\t\t\t<\/div>\n\t\t\t\t\t<\/div>\n\t\t<\/div>\n\t\t\t\t<div class=\"elementor-column elementor-col-50 elementor-inner-column elementor-element elementor-element-7beef46\" data-id=\"7beef46\" data-element_type=\"column\">\n\t\t\t<div class=\"elementor-widget-wrap elementor-element-populated\">\n\t\t\t\t\t\t<div class=\"elementor-element elementor-element-587b479 elementor-mobile-align-justify elementor-align-left elementor-tablet-align-right elementor-widget-tablet__width-auto elementor-widget__width-auto elementor-widget elementor-widget-bloompixel-gradient-button\" data-id=\"587b479\" data-element_type=\"widget\" data-widget_type=\"bloompixel-gradient-button.default\">\n\t\t\t\t<div class=\"elementor-widget-container\">\n\t\t\t\t\t\t\t<div class=\"elementor-button-wrapper button-defautl\">\r\n\t\t\t<a href=\"https:\/\/biofisa.com\/pt\/clinic\/\" class=\"elementor-button-link elementor-button btn-main classic elementor-size-sm\" role=\"button\">\r\n\t\t\t\t\t\t<span class=\"elementor-button-content-wrapper\">\r\n\t\t\t\t\t\t<span class=\"elementor-button-icon elementor-align-icon-\">\r\n\t\t\t\t  \r\n\t\t\t<\/span>\r\n\t\t\t\t\t\t<span class=\"elementor-button-text\"  >Cl\u00ednica<\/span>\r\n\t\t<\/span>\r\n\t\t\t\t\t<\/a>\r\n\t\t<\/div>\r\n\t\t\t\t\t\t<\/div>\n\t\t\t\t<\/div>\n\t\t\t\t<div class=\"elementor-element elementor-element-64d9996 elementor-mobile-align-justify elementor-align-left elementor-tablet-align-right elementor-widget-tablet__width-auto elementor-widget__width-auto elementor-widget elementor-widget-bloompixel-gradient-button\" data-id=\"64d9996\" data-element_type=\"widget\" data-widget_type=\"bloompixel-gradient-button.default\">\n\t\t\t\t<div class=\"elementor-widget-container\">\n\t\t\t\t\t\t\t<div class=\"elementor-button-wrapper button-defautl\">\r\n\t\t\t<a href=\"https:\/\/biofisa.com\/pt\/laboratory\/\" class=\"elementor-button-link elementor-button btn-main classic elementor-size-sm\" role=\"button\">\r\n\t\t\t\t\t\t<span class=\"elementor-button-content-wrapper\">\r\n\t\t\t\t\t\t<span class=\"elementor-button-icon elementor-align-icon-\">\r\n\t\t\t\t  \r\n\t\t\t<\/span>\r\n\t\t\t\t\t\t<span class=\"elementor-button-text\"  >Laborat\u00f3rio<\/span>\r\n\t\t<\/span>\r\n\t\t\t\t\t<\/a>\r\n\t\t<\/div>\r\n\t\t\t\t\t\t<\/div>\n\t\t\t\t<\/div>\n\t\t\t\t<div class=\"elementor-element elementor-element-784a6ec elementor-mobile-align-justify elementor-align-left elementor-tablet-align-right elementor-widget-tablet__width-auto elementor-widget__width-auto elementor-widget elementor-widget-bloompixel-gradient-button\" data-id=\"784a6ec\" data-element_type=\"widget\" data-widget_type=\"bloompixel-gradient-button.default\">\n\t\t\t\t<div class=\"elementor-widget-container\">\n\t\t\t\t\t\t\t<div class=\"elementor-button-wrapper button-defautl\">\r\n\t\t\t<a href=\"https:\/\/biofisa.com\/pt\/digital\/\" class=\"elementor-button-link elementor-button btn-main classic elementor-size-sm\" role=\"button\">\r\n\t\t\t\t\t\t<span class=\"elementor-button-content-wrapper\">\r\n\t\t\t\t\t\t<span class=\"elementor-button-icon elementor-align-icon-\">\r\n\t\t\t\t  \r\n\t\t\t<\/span>\r\n\t\t\t\t\t\t<span class=\"elementor-button-text\"  >Digital<\/span>\r\n\t\t<\/span>\r\n\t\t\t\t\t<\/a>\r\n\t\t<\/div>\r\n\t\t\t\t\t\t<\/div>\n\t\t\t\t<\/div>\n\t\t\t\t<div class=\"elementor-element elementor-element-3ea8e35 elementor-mobile-align-justify elementor-align-left elementor-tablet-align-right elementor-widget-tablet__width-auto elementor-widget__width-auto elementor-widget elementor-widget-bloompixel-gradient-button\" data-id=\"3ea8e35\" data-element_type=\"widget\" data-widget_type=\"bloompixel-gradient-button.default\">\n\t\t\t\t<div class=\"elementor-widget-container\">\n\t\t\t\t\t\t\t<div class=\"elementor-button-wrapper button-defautl\">\r\n\t\t\t<a href=\"https:\/\/biofisa.com\/pt\/biomaterial\/\" class=\"elementor-button-link elementor-button btn-main classic elementor-size-sm\" role=\"button\">\r\n\t\t\t\t\t\t<span class=\"elementor-button-content-wrapper\">\r\n\t\t\t\t\t\t<span class=\"elementor-button-icon elementor-align-icon-\">\r\n\t\t\t\t  \r\n\t\t\t<\/span>\r\n\t\t\t\t\t\t<span class=\"elementor-button-text\"  >Biomateriais<\/span>\r\n\t\t<\/span>\r\n\t\t\t\t\t<\/a>\r\n\t\t<\/div>\r\n\t\t\t\t\t\t<\/div>\n\t\t\t\t<\/div>\n\t\t\t\t<div class=\"elementor-element elementor-element-b51223e elementor-mobile-align-justify elementor-align-left elementor-tablet-align-right elementor-widget-tablet__width-auto elementor-widget__width-auto elementor-widget elementor-widget-bloompixel-gradient-button\" data-id=\"b51223e\" data-element_type=\"widget\" data-widget_type=\"bloompixel-gradient-button.default\">\n\t\t\t\t<div class=\"elementor-widget-container\">\n\t\t\t\t\t\t\t<div class=\"elementor-button-wrapper button-defautl\">\r\n\t\t\t<a href=\"https:\/\/biofisa.com\/pt\/oral-hygiene\/\" class=\"elementor-button-link elementor-button btn-main classic elementor-size-sm\" role=\"button\">\r\n\t\t\t\t\t\t<span class=\"elementor-button-content-wrapper\">\r\n\t\t\t\t\t\t<span class=\"elementor-button-icon elementor-align-icon-\">\r\n\t\t\t\t  \r\n\t\t\t<\/span>\r\n\t\t\t\t\t\t<span class=\"elementor-button-text\"  >Higiene Oral<\/span>\r\n\t\t<\/span>\r\n\t\t\t\t\t<\/a>\r\n\t\t<\/div>\r\n\t\t\t\t\t\t<\/div>\n\t\t\t\t<\/div>\n\t\t\t\t\t<\/div>\n\t\t<\/div>\n\t\t\t\t      \r\n            \r\n              \r\n            \r\n            \t\r\n\t\t\t<\/div>\r\n\t\t<\/section>\r\n\t\t\t\t<div class=\"elementor-element elementor-element-68f3b94 elementor-widget elementor-widget-jws_tab\" data-id=\"68f3b94\" data-element_type=\"widget\" data-widget_type=\"jws_tab.default\">\n\t\t\t\t<div class=\"elementor-widget-container\">\n\t\t\t\t\t\t\t      \t<div class=\"jws_tab_wrap display_top\">\r\n                  <div class=\"tab_nav_container\"> \r\n                      <div class=\"tab_nav_wrap\">  \r\n                          <ul class=\"tab_nav\">\r\n                                                    \t\t\t\t<li class=\"jws_nav_item current\">\r\n                                        <a href=\"#\" data-tab=\"41b3d05\">\r\n                                                                                        <span class=\"item-icon elementor-align-icon-left\">\r\n                                \t\t\t\t  \r\n                                \t\t\t<\/span>\r\n                                                                                        <span>OSSTEM K3<\/span>\r\n                                        <\/a>  \r\n                                    <\/li>\r\n                    \t\t                      \t\t\t\t<li class=\"jws_nav_item\">\r\n                                        <a href=\"#\" data-tab=\"11c31af\">\r\n                                                                                        <span class=\"item-icon elementor-align-icon-left\">\r\n                                \t\t\t\t  \r\n                                \t\t\t<\/span>\r\n                                                                                        <span>WH <\/span>\r\n                                        <\/a>  \r\n                                    <\/li>\r\n                    \t\t                      \t\t\t\t<li class=\"jws_nav_item\">\r\n                                        <a href=\"#\" data-tab=\"b0842a0\">\r\n                                                                                        <span class=\"item-icon elementor-align-icon-left\">\r\n                                \t\t\t\t  \r\n                                \t\t\t<\/span>\r\n                                                                                        <span>NSK<\/span>\r\n                                        <\/a>  \r\n                                    <\/li>\r\n                    \t\t                            <\/ul>  \r\n                      <\/div>\r\n                  <\/div> \r\n                  <div class=\"tab_content\">  \r\n            \t\t              \t\t\t\t<div id=\"41b3d05\" class=\"jws_tab_item current\">\r\n                                    <div class=\"content_text\"><p><img decoding=\"async\" class=\"alignnone size-medium wp-image-10685\" src=\"https:\/\/biofisa.com\/wp-content\/uploads\/2022\/11\/osstem-implant-300x119.png\" alt=\"\" width=\"300\" height=\"119\" srcset=\"https:\/\/biofisa.com\/wp-content\/uploads\/2022\/11\/osstem-implant-300x119.png 300w, https:\/\/biofisa.com\/wp-content\/uploads\/2022\/11\/osstem-implant-1024x405.png 1024w, https:\/\/biofisa.com\/wp-content\/uploads\/2022\/11\/osstem-implant-768x304.png 768w, https:\/\/biofisa.com\/wp-content\/uploads\/2022\/11\/osstem-implant-1536x608.png 1536w, https:\/\/biofisa.com\/wp-content\/uploads\/2022\/11\/osstem-implant-2048x811.png 2048w, https:\/\/biofisa.com\/wp-content\/uploads\/2022\/11\/osstem-implant-1568x621.png 1568w, https:\/\/biofisa.com\/wp-content\/uploads\/2022\/11\/osstem-implant-600x237.png 600w\" sizes=\"(max-width: 300px) 100vw, 300px\" \/><\/p><p>Osstem Implant, empresa da Coreia do Sul, fundada em 1997, contribui para a melhoria da sa\u00fade oral, permitindo aos m\u00e9dicos-dentistas prestar os melhores tratamentos. Parceiro n\u00ba1 de solu\u00e7\u00f5es dent\u00e1rias no mercado da \u00c1sia-pac\u00edfico, tendo sido o implante TS o implante mais vendido no mundo, desde 2017.<\/p><p><a style=\"color: var(--secondary);\" href=\"https:\/\/biofisa.com\/wp-content\/uploads\/2023\/09\/Osstem-K3.pdf\" target=\"_blank\" rel=\"noopener\">Osstem K3 Catalog <img decoding=\"async\" class=\"alignnone wp-image-12280\" src=\"https:\/\/biofisa.com\/wp-content\/uploads\/2023\/09\/download-icon.svg\" alt=\"\" width=\"21\" height=\"21\" \/><\/a><\/p><\/div>   \r\n                            <\/div>\r\n            \t\t              \t\t\t\t<div id=\"11c31af\" class=\"jws_tab_item\">\r\n                                    <div class=\"content_text\"><p><img decoding=\"async\" class=\"alignnone size-full wp-image-11254\" src=\"https:\/\/biofisa.com\/wp-content\/uploads\/2022\/11\/logo.png\" alt=\"\" width=\"111\" height=\"53\" \/><\/p><p>\u00a0<\/p><p>Ossguide \u00e9 uma membrana de col\u00e1geno tipo I altamente purificada, a solu\u00e7\u00e3o de confian\u00e7a em regenera\u00e7\u00e3o \u00f3ssea que permite aos pacientes obter os melhores resultados.<\/p><p>\u00a0<\/p><p><a style=\"color: var(--secondary);\" href=\"https:\/\/www.wh.com\/en_global\/whgroup\/company\">Ver website<i class=\"jws-icon-arrow-right-1\" style=\"margin-left: 10px; font-size: 22px; font-weight: normal; vertical-align: middle;\" aria-hidden=\"true\"><\/i><\/a><\/p><\/div>   \r\n                            <\/div>\r\n            \t\t              \t\t\t\t<div id=\"b0842a0\" class=\"jws_tab_item\">\r\n                                    <div class=\"content_text\"><p><img loading=\"lazy\" decoding=\"async\" class=\"alignnone size-medium wp-image-11261\" src=\"https:\/\/biofisa.com\/wp-content\/uploads\/2022\/11\/NSK-Logo-desktop-head-300x119.png\" alt=\"\" width=\"300\" height=\"119\" srcset=\"https:\/\/biofisa.com\/wp-content\/uploads\/2022\/11\/NSK-Logo-desktop-head-300x119.png 300w, https:\/\/biofisa.com\/wp-content\/uploads\/2022\/11\/NSK-Logo-desktop-head-1024x405.png 1024w, https:\/\/biofisa.com\/wp-content\/uploads\/2022\/11\/NSK-Logo-desktop-head-768x304.png 768w, https:\/\/biofisa.com\/wp-content\/uploads\/2022\/11\/NSK-Logo-desktop-head-1536x608.png 1536w, https:\/\/biofisa.com\/wp-content\/uploads\/2022\/11\/NSK-Logo-desktop-head-2048x811.png 2048w, https:\/\/biofisa.com\/wp-content\/uploads\/2022\/11\/NSK-Logo-desktop-head-1568x621.png 1568w, https:\/\/biofisa.com\/wp-content\/uploads\/2022\/11\/NSK-Logo-desktop-head-600x237.png 600w\" sizes=\"(max-width: 300px) 100vw, 300px\" \/><\/p><p>\u00a0<\/p><p class=\"font_8 wixui-rich-text__text\">A NSK tem dado uma contribui\u00e7\u00e3o vital para o crescimento e realiza\u00e7\u00e3o de v\u00e1rias ind\u00fastrias de maquinaria ao longo da sua hist\u00f3ria. Como um fabricante de rolamentos abrangente, a NSK responde \u00e0s necessidades de uma grande variedade de campos.<\/p><p>\u00a0<\/p><p><a style=\"color: var(--secondary);\" href=\"https:\/\/www.nsk-dental.com\/\">Ver website<i class=\"jws-icon-arrow-right-1\" style=\"margin-left: 10px; font-size: 22px; font-weight: normal; vertical-align: middle;\" aria-hidden=\"true\"><\/i><\/a><\/p><\/div>   \r\n                            <\/div>\r\n            \t\t                    <\/div>\r\n                <\/div>\r\n\t\t    \t\t\t\t<\/div>\n\t\t\t\t<\/div>\n\t\t\t\t\t<\/div>\n\t\t<\/div>\n\t\t\t\t      \r\n            \r\n              \r\n            \r\n            \t\r\n\t\t\t<\/div>\r\n\t\t<\/section>\r\n\t\t\t\t<\/div>","protected":false},"excerpt":{"rendered":"<p>Equipments Dental equipment encompasses a wide range of specialized tools, instruments, machines, and devices used in dentistry for diagnosing, treating, and maintaining oral health. Clinic Laboratory Digital Biomaterial Oral Hygiene OSSTEM K3 WH NSK Osstem Implant was founded in 1997 by a dentist in South Korea. We quickly grew into No.1 dental solution partner in [&hellip;]<\/p>","protected":false},"author":1,"featured_media":0,"parent":0,"menu_order":0,"comment_status":"closed","ping_status":"closed","template":"","meta":{"_monsterinsights_skip_tracking":false,"_monsterinsights_sitenote_active":false,"_monsterinsights_sitenote_note":"","_monsterinsights_sitenote_category":0,"footnotes":""},"class_list":["post-11277","page","type-page","status-publish","hentry"],"_links":{"self":[{"href":"https:\/\/biofisa.com\/pt\/wp-json\/wp\/v2\/pages\/11277","targetHints":{"allow":["GET"]}}],"collection":[{"href":"https:\/\/biofisa.com\/pt\/wp-json\/wp\/v2\/pages"}],"about":[{"href":"https:\/\/biofisa.com\/pt\/wp-json\/wp\/v2\/types\/page"}],"author":[{"embeddable":true,"href":"https:\/\/biofisa.com\/pt\/wp-json\/wp\/v2\/users\/1"}],"replies":[{"embeddable":true,"href":"https:\/\/biofisa.com\/pt\/wp-json\/wp\/v2\/comments?post=11277"}],"version-history":[{"count":67,"href":"https:\/\/biofisa.com\/pt\/wp-json\/wp\/v2\/pages\/11277\/revisions"}],"predecessor-version":[{"id":13606,"href":"https:\/\/biofisa.com\/pt\/wp-json\/wp\/v2\/pages\/11277\/revisions\/13606"}],"wp:attachment":[{"href":"https:\/\/biofisa.com\/pt\/wp-json\/wp\/v2\/media?parent=11277"}],"curies":[{"name":"wp","href":"https:\/\/api.w.org\/{rel}","templated":true}]}}