{"id":11149,"date":"2023-09-07T15:19:15","date_gmt":"2023-09-07T15:19:15","guid":{"rendered":"https:\/\/biofisa.com\/products-copy\/"},"modified":"2023-10-11T13:38:54","modified_gmt":"2023-10-11T13:38:54","slug":"clinic","status":"publish","type":"page","link":"https:\/\/biofisa.com\/pt\/clinic\/","title":{"rendered":"Cl\u00ednica"},"content":{"rendered":"<div data-elementor-type=\"wp-page\" data-elementor-id=\"11149\" class=\"elementor elementor-11149\" data-elementor-post-type=\"page\">\n\t\t\t\t\t\t<section class=\"elementor-section elementor-top-section elementor-element elementor-element-16231c7 elementor-section-boxed elementor-section-height-default elementor-section-height-default\" data-id=\"16231c7\" data-element_type=\"section\">\r\n\t\t\t\t\t\t<div class=\"elementor-container elementor-column-gap-no jws_section_\" >\r\n\t\t\t\t<div class=\"elementor-column elementor-col-100 elementor-top-column elementor-element elementor-element-006d98f\" data-id=\"006d98f\" data-element_type=\"column\">\n\t\t\t<div class=\"elementor-widget-wrap elementor-element-populated\">\n\t\t\t\t\t\t<section class=\"elementor-section elementor-inner-section elementor-element elementor-element-6f891b9 elementor-section-full_width elementor-section-height-default elementor-section-height-default\" data-id=\"6f891b9\" data-element_type=\"section\">\r\n\t\t\t\t\t\t<div class=\"elementor-container elementor-column-gap-default jws_section_\" >\r\n\t\t\t\t<div class=\"elementor-column elementor-col-50 elementor-inner-column elementor-element elementor-element-2c24643\" data-id=\"2c24643\" data-element_type=\"column\">\n\t\t\t<div class=\"elementor-widget-wrap elementor-element-populated\">\n\t\t\t\t\t\t<div class=\"elementor-element elementor-element-4d62c4b elementor-widget__width-initial elementor-invisible elementor-widget elementor-widget-jws_widget_heading\" data-id=\"4d62c4b\" data-element_type=\"widget\" data-settings=\"{&quot;_animation&quot;:&quot;fadeInDown&quot;}\" data-widget_type=\"jws_widget_heading.default\">\n\t\t\t\t<div class=\"elementor-widget-container\">\n\t\t\t\t\t<div class=\"title-wrapper\"><h2 class=\"title\">Cl\u00ednica <\/h2><\/div>\t\t\t\t<\/div>\n\t\t\t\t<\/div>\n\t\t\t\t\t<\/div>\n\t\t<\/div>\n\t\t\t\t<div class=\"elementor-column elementor-col-50 elementor-inner-column elementor-element elementor-element-7beef46\" data-id=\"7beef46\" data-element_type=\"column\">\n\t\t\t<div class=\"elementor-widget-wrap elementor-element-populated\">\n\t\t\t\t\t\t<div class=\"elementor-element elementor-element-587b479 elementor-mobile-align-justify elementor-align-left elementor-tablet-align-right elementor-widget-tablet__width-auto elementor-widget__width-auto elementor-widget elementor-widget-bloompixel-gradient-button\" data-id=\"587b479\" data-element_type=\"widget\" data-widget_type=\"bloompixel-gradient-button.default\">\n\t\t\t\t<div class=\"elementor-widget-container\">\n\t\t\t\t\t\t\t<div class=\"elementor-button-wrapper button-defautl\">\r\n\t\t\t<a href=\"https:\/\/biofisa.com\/pt\/laboratory\/\" class=\"elementor-button-link elementor-button btn-main classic elementor-size-sm\" role=\"button\">\r\n\t\t\t\t\t\t<span class=\"elementor-button-content-wrapper\">\r\n\t\t\t\t\t\t<span class=\"elementor-button-icon elementor-align-icon-\">\r\n\t\t\t\t  \r\n\t\t\t<\/span>\r\n\t\t\t\t\t\t<span class=\"elementor-button-text\"  >Laborat\u00f3rio<\/span>\r\n\t\t<\/span>\r\n\t\t\t\t\t<\/a>\r\n\t\t<\/div>\r\n\t\t\t\t\t\t<\/div>\n\t\t\t\t<\/div>\n\t\t\t\t<div class=\"elementor-element elementor-element-ecc777f elementor-mobile-align-justify elementor-align-left elementor-tablet-align-right elementor-widget-tablet__width-auto elementor-widget__width-auto elementor-widget elementor-widget-bloompixel-gradient-button\" data-id=\"ecc777f\" data-element_type=\"widget\" data-widget_type=\"bloompixel-gradient-button.default\">\n\t\t\t\t<div class=\"elementor-widget-container\">\n\t\t\t\t\t\t\t<div class=\"elementor-button-wrapper button-defautl\">\r\n\t\t\t<a href=\"https:\/\/biofisa.com\/pt\/digital\/\" class=\"elementor-button-link elementor-button btn-main classic elementor-size-sm\" role=\"button\">\r\n\t\t\t\t\t\t<span class=\"elementor-button-content-wrapper\">\r\n\t\t\t\t\t\t<span class=\"elementor-button-icon elementor-align-icon-\">\r\n\t\t\t\t  \r\n\t\t\t<\/span>\r\n\t\t\t\t\t\t<span class=\"elementor-button-text\"  >Digital<\/span>\r\n\t\t<\/span>\r\n\t\t\t\t\t<\/a>\r\n\t\t<\/div>\r\n\t\t\t\t\t\t<\/div>\n\t\t\t\t<\/div>\n\t\t\t\t<div class=\"elementor-element elementor-element-20bafcf elementor-mobile-align-justify elementor-align-left elementor-tablet-align-right elementor-widget-tablet__width-auto elementor-widget__width-auto elementor-widget elementor-widget-bloompixel-gradient-button\" data-id=\"20bafcf\" data-element_type=\"widget\" data-widget_type=\"bloompixel-gradient-button.default\">\n\t\t\t\t<div class=\"elementor-widget-container\">\n\t\t\t\t\t\t\t<div class=\"elementor-button-wrapper button-defautl\">\r\n\t\t\t<a href=\"https:\/\/biofisa.com\/pt\/biomaterial\/\" class=\"elementor-button-link elementor-button btn-main classic elementor-size-sm\" role=\"button\">\r\n\t\t\t\t\t\t<span class=\"elementor-button-content-wrapper\">\r\n\t\t\t\t\t\t<span class=\"elementor-button-icon elementor-align-icon-\">\r\n\t\t\t\t  \r\n\t\t\t<\/span>\r\n\t\t\t\t\t\t<span class=\"elementor-button-text\"  >Biomateriais<\/span>\r\n\t\t<\/span>\r\n\t\t\t\t\t<\/a>\r\n\t\t<\/div>\r\n\t\t\t\t\t\t<\/div>\n\t\t\t\t<\/div>\n\t\t\t\t<div class=\"elementor-element elementor-element-11e7060 elementor-mobile-align-justify elementor-align-left elementor-tablet-align-right elementor-widget-tablet__width-auto elementor-widget__width-auto elementor-widget elementor-widget-bloompixel-gradient-button\" data-id=\"11e7060\" data-element_type=\"widget\" data-widget_type=\"bloompixel-gradient-button.default\">\n\t\t\t\t<div class=\"elementor-widget-container\">\n\t\t\t\t\t\t\t<div class=\"elementor-button-wrapper button-defautl\">\r\n\t\t\t<a href=\"https:\/\/biofisa.com\/pt\/equipments\/\" class=\"elementor-button-link elementor-button btn-main classic elementor-size-sm\" role=\"button\">\r\n\t\t\t\t\t\t<span class=\"elementor-button-content-wrapper\">\r\n\t\t\t\t\t\t<span class=\"elementor-button-icon elementor-align-icon-\">\r\n\t\t\t\t  \r\n\t\t\t<\/span>\r\n\t\t\t\t\t\t<span class=\"elementor-button-text\"  >Equipamentos<\/span>\r\n\t\t<\/span>\r\n\t\t\t\t\t<\/a>\r\n\t\t<\/div>\r\n\t\t\t\t\t\t<\/div>\n\t\t\t\t<\/div>\n\t\t\t\t<div class=\"elementor-element elementor-element-b51223e elementor-mobile-align-justify elementor-align-left elementor-tablet-align-right elementor-widget-tablet__width-auto elementor-widget__width-auto elementor-widget elementor-widget-bloompixel-gradient-button\" data-id=\"b51223e\" data-element_type=\"widget\" data-widget_type=\"bloompixel-gradient-button.default\">\n\t\t\t\t<div class=\"elementor-widget-container\">\n\t\t\t\t\t\t\t<div class=\"elementor-button-wrapper button-defautl\">\r\n\t\t\t<a href=\"https:\/\/biofisa.com\/pt\/oral-hygiene\/\" class=\"elementor-button-link elementor-button btn-main classic elementor-size-sm\" role=\"button\">\r\n\t\t\t\t\t\t<span class=\"elementor-button-content-wrapper\">\r\n\t\t\t\t\t\t<span class=\"elementor-button-icon elementor-align-icon-\">\r\n\t\t\t\t  \r\n\t\t\t<\/span>\r\n\t\t\t\t\t\t<span class=\"elementor-button-text\"  >Higiene Oral<\/span>\r\n\t\t<\/span>\r\n\t\t\t\t\t<\/a>\r\n\t\t<\/div>\r\n\t\t\t\t\t\t<\/div>\n\t\t\t\t<\/div>\n\t\t\t\t\t<\/div>\n\t\t<\/div>\n\t\t\t\t      \r\n            \r\n              \r\n            \r\n            \t\r\n\t\t\t<\/div>\r\n\t\t<\/section>\r\n\t\t\t\t<div class=\"elementor-element elementor-element-68f3b94 elementor-widget elementor-widget-jws_tab\" data-id=\"68f3b94\" data-element_type=\"widget\" data-widget_type=\"jws_tab.default\">\n\t\t\t\t<div class=\"elementor-widget-container\">\n\t\t\t\t\t\t\t      \t<div class=\"jws_tab_wrap display_top\">\r\n                  <div class=\"tab_nav_container\"> \r\n                      <div class=\"tab_nav_wrap\">  \r\n                          <ul class=\"tab_nav\">\r\n                                                    \t\t\t\t<li class=\"jws_nav_item current\">\r\n                                        <a href=\"#\" data-tab=\"41b3d05\">\r\n                                                                                        <span class=\"item-icon elementor-align-icon-left\">\r\n                                \t\t\t\t  \r\n                                \t\t\t<\/span>\r\n                                                                                        <span>Osstem Implant<\/span>\r\n                                        <\/a>  \r\n                                    <\/li>\r\n                    \t\t                      \t\t\t\t<li class=\"jws_nav_item\">\r\n                                        <a href=\"#\" data-tab=\"11c31af\">\r\n                                                                                        <span class=\"item-icon elementor-align-icon-left\">\r\n                                \t\t\t\t  \r\n                                \t\t\t<\/span>\r\n                                                                                        <span>Kerator<\/span>\r\n                                        <\/a>  \r\n                                    <\/li>\r\n                    \t\t                            <\/ul>  \r\n                      <\/div>\r\n                  <\/div> \r\n                  <div class=\"tab_content\">  \r\n            \t\t              \t\t\t\t<div id=\"41b3d05\" class=\"jws_tab_item current\">\r\n                                    <div class=\"content_text\"><p><img decoding=\"async\" class=\"alignnone size-medium wp-image-10685\" src=\"https:\/\/biofisa.com\/wp-content\/uploads\/2022\/11\/osstem-implant-300x119.png\" alt=\"\" width=\"300\" height=\"119\" srcset=\"https:\/\/biofisa.com\/wp-content\/uploads\/2022\/11\/osstem-implant-300x119.png 300w, https:\/\/biofisa.com\/wp-content\/uploads\/2022\/11\/osstem-implant-1024x405.png 1024w, https:\/\/biofisa.com\/wp-content\/uploads\/2022\/11\/osstem-implant-768x304.png 768w, https:\/\/biofisa.com\/wp-content\/uploads\/2022\/11\/osstem-implant-1536x608.png 1536w, https:\/\/biofisa.com\/wp-content\/uploads\/2022\/11\/osstem-implant-2048x811.png 2048w, https:\/\/biofisa.com\/wp-content\/uploads\/2022\/11\/osstem-implant-1568x621.png 1568w, https:\/\/biofisa.com\/wp-content\/uploads\/2022\/11\/osstem-implant-600x237.png 600w\" sizes=\"(max-width: 300px) 100vw, 300px\" \/><\/p><p>\u00a0<\/p><p>Osstem Implant, empresa da Coreia do Sul, fundada em 1997, contribui para a melhoria da sa\u00fade oral, permitindo aos m\u00e9dicos-dentistas prestar os melhores tratamentos.\nParceiro n\u00ba1 de solu\u00e7\u00f5es dent\u00e1rias no mercado da \u00c1sia-pac\u00edfico, tendo sido o implante TS o implante mais vendido no mundo, desde 2017.<\/p><p>\u00a0<\/p><p><a style=\"color: var(--secondary);\" href=\"https:\/\/osstem.de\">Ver website<i class=\"jws-icon-arrow-right-1\" style=\"margin-left: 10px; font-size: 22px; font-weight: normal; vertical-align: middle;\" aria-hidden=\"true\"><\/i><\/a><\/p><p>\u00a0<\/p><p><a style=\"color: var(--secondary);\" href=\"https:\/\/biofisa.com\/wp-content\/uploads\/2023\/09\/Osstem-TS-System.pdf\" target=\"_blank\" rel=\"noopener\">Descarregar o sistema Osstem TS <img decoding=\"async\" class=\"alignnone wp-image-12280\" src=\"https:\/\/biofisa.com\/wp-content\/uploads\/2023\/09\/download-icon.svg\" alt=\"\" width=\"24\" height=\"24\" \/><\/a><\/p><p>\u00a0<\/p><p><a style=\"color: var(--secondary);\" href=\"https:\/\/biofisa.com\/wp-content\/uploads\/2023\/09\/KIT-system-2023.pdf\" target=\"_blank\" rel=\"noopener\">Descarregar o KIT-system-2023 <img decoding=\"async\" class=\"alignnone wp-image-12280\" src=\"https:\/\/biofisa.com\/wp-content\/uploads\/2023\/09\/download-icon.svg\" alt=\"\" width=\"24\" height=\"24\" \/><\/a><\/p><\/div>   \r\n                            <\/div>\r\n            \t\t              \t\t\t\t<div id=\"11c31af\" class=\"jws_tab_item\">\r\n                                    <div class=\"content_text\"><p><img decoding=\"async\" class=\"alignnone size-medium wp-image-10680\" src=\"https:\/\/biofisa.com\/wp-content\/uploads\/2022\/11\/Kerator-logo-white-300x119.png\" alt=\"\" width=\"300\" height=\"119\" srcset=\"https:\/\/biofisa.com\/wp-content\/uploads\/2022\/11\/Kerator-logo-white-300x119.png 300w, https:\/\/biofisa.com\/wp-content\/uploads\/2022\/11\/Kerator-logo-white-1024x405.png 1024w, https:\/\/biofisa.com\/wp-content\/uploads\/2022\/11\/Kerator-logo-white-768x304.png 768w, https:\/\/biofisa.com\/wp-content\/uploads\/2022\/11\/Kerator-logo-white-1536x608.png 1536w, https:\/\/biofisa.com\/wp-content\/uploads\/2022\/11\/Kerator-logo-white-2048x811.png 2048w, https:\/\/biofisa.com\/wp-content\/uploads\/2022\/11\/Kerator-logo-white-1568x621.png 1568w, https:\/\/biofisa.com\/wp-content\/uploads\/2022\/11\/Kerator-logo-white-600x237.png 600w\" sizes=\"(max-width: 300px) 100vw, 300px\" \/><\/p><p>A Kerator, empresa da Coreia do Sul, fundada em 1965, colabora com milhares de clientes em todo o mundo, apresentando elevada qualidade nos seus produtos, bem como confian\u00e7a e compromisso para com os seus parceiros.<br \/>\u3164<br \/>\u3164<\/p><p>\u00a0<\/p><p><a style=\"color: var(--secondary);\" href=\"http:\/\/www.kerator.com\" target=\"_blank\" rel=\"noopener\">Ver website<i class=\"jws-icon-arrow-right-1\" style=\"margin-left: 10px; font-size: 22px; font-weight: normal; vertical-align: middle;\" aria-hidden=\"true\"><\/i><\/a><\/p><p>\u00a0<\/p><p><a style=\"color: var(--secondary);\" href=\"https:\/\/biofisa.com\/wp-content\/uploads\/2023\/09\/Kerator.pdf\" target=\"_blank\" rel=\"noopener\">Descarregar o cat\u00e1logo Kerator <img decoding=\"async\" class=\"alignnone wp-image-12280\" src=\"https:\/\/biofisa.com\/wp-content\/uploads\/2023\/09\/download-icon.svg\" alt=\"\" width=\"24\" height=\"24\" \/><i aria-hidden=\"true\"><\/i><\/a><\/p><\/div>   \r\n                            <\/div>\r\n            \t\t                    <\/div>\r\n                <\/div>\r\n\t\t    \t\t\t\t<\/div>\n\t\t\t\t<\/div>\n\t\t\t\t\t<\/div>\n\t\t<\/div>\n\t\t\t\t      \r\n            \r\n              \r\n            \r\n            \t\r\n\t\t\t<\/div>\r\n\t\t<\/section>\r\n\t\t\t\t<\/div>","protected":false},"excerpt":{"rendered":"<p>Clinic Laboratory Digital Biomaterial Equipments Oral Hygiene Osstem Implant Kerator \u00a0 Osstem Implant was founded in 1997 by a dentist in South Korea.\u00a0We quickly grew into No.1 dental solution partner in the Asia-pacific market. TS implant, one of our flagships, contributed to being the best-selling implant in the world since 2017. \u00a0 See website \u00a0 [&hellip;]<\/p>","protected":false},"author":1,"featured_media":0,"parent":0,"menu_order":0,"comment_status":"closed","ping_status":"closed","template":"","meta":{"_monsterinsights_skip_tracking":false,"_monsterinsights_sitenote_active":false,"_monsterinsights_sitenote_note":"","_monsterinsights_sitenote_category":0,"footnotes":""},"class_list":["post-11149","page","type-page","status-publish","hentry"],"_links":{"self":[{"href":"https:\/\/biofisa.com\/pt\/wp-json\/wp\/v2\/pages\/11149","targetHints":{"allow":["GET"]}}],"collection":[{"href":"https:\/\/biofisa.com\/pt\/wp-json\/wp\/v2\/pages"}],"about":[{"href":"https:\/\/biofisa.com\/pt\/wp-json\/wp\/v2\/types\/page"}],"author":[{"embeddable":true,"href":"https:\/\/biofisa.com\/pt\/wp-json\/wp\/v2\/users\/1"}],"replies":[{"embeddable":true,"href":"https:\/\/biofisa.com\/pt\/wp-json\/wp\/v2\/comments?post=11149"}],"version-history":[{"count":148,"href":"https:\/\/biofisa.com\/pt\/wp-json\/wp\/v2\/pages\/11149\/revisions"}],"predecessor-version":[{"id":13586,"href":"https:\/\/biofisa.com\/pt\/wp-json\/wp\/v2\/pages\/11149\/revisions\/13586"}],"wp:attachment":[{"href":"https:\/\/biofisa.com\/pt\/wp-json\/wp\/v2\/media?parent=11149"}],"curies":[{"name":"wp","href":"https:\/\/api.w.org\/{rel}","templated":true}]}}